{"id":406061,"date":"2025-04-23T21:09:31","date_gmt":"2025-04-23T19:09:31","guid":{"rendered":"https:\/\/www.spicehavenfuengirola.com\/inicio\/"},"modified":"2026-01-09T11:11:21","modified_gmt":"2026-01-09T10:11:21","slug":"inicio","status":"publish","type":"page","link":"https:\/\/www.spicehavenfuengirola.com\/es\/","title":{"rendered":"Inicio"},"content":{"rendered":"<p>[et_pb_section fb_built=\u00bb1&#8243; admin_label=\u00bbHeader\u00bb _builder_version=\u00bb4.27.4&#8243; _module_preset=\u00bbdefault\u00bb background_enable_image=\u00bboff\u00bb parallax=\u00bbon\u00bb background_video_mp4=\u00bbhttps:\/\/www.spicehavenfuengirola.com\/wp-content\/uploads\/2025\/05\/spice-haven-1.mp4&#8243; background_video_webm=\u00bbhttps:\/\/www.spicehavenfuengirola.com\/wp-content\/uploads\/2025\/05\/spice-haven-indian-food.webm\u00bb custom_padding=\u00bb6vw||||false|false\u00bb filter_brightness=\u00bb83%\u00bb filter_contrast=\u00bb140%\u00bb collapsed=\u00bboff\u00bb global_colors_info=\u00bb{}\u00bb][et_pb_row _builder_version=\u00bb4.24.2&#8243; _module_preset=\u00bbdefault\u00bb width=\u00bb90%\u00bb max_width=\u00bbnone\u00bb global_colors_info=\u00bb{}\u00bb][et_pb_column type=\u00bb4_4&#8243; _builder_version=\u00bb4.24.1&#8243; _module_preset=\u00bbdefault\u00bb global_colors_info=\u00bb{}\u00bb][et_pb_heading title=\u00bbspice haven\u00bb _builder_version=\u00bb4.27.4&#8243; _module_preset=\u00bb2781d1fe-9a4d-45e7-a3a7-09a251ce3b9f\u00bb title_font=\u00bbBiryani|300||on|||||\u00bb title_font_size=\u00bb6vw\u00bb custom_margin=\u00bb||10px||false|false\u00bb title_text_shadow_style=\u00bbpreset1&#8243; title_text_shadow_vertical_length=\u00bb0.03em\u00bb title_text_shadow_color=\u00bb#000000&#8243; locked=\u00bboff\u00bb global_colors_info=\u00bb{}\u00bb][\/et_pb_heading][et_pb_heading title=\u00bbMejor Restaurante Indio y Tailand\u00e9s Fuengirola\u00bb _builder_version=\u00bb4.27.4&#8243; _module_preset=\u00bb34045cdf-1e8d-4d94-abc6-cdc29ddb046e\u00bb title_font=\u00bbBiryani|||on|||||\u00bb title_text_align=\u00bbcenter\u00bb title_text_color=\u00bb#FFFFFF\u00bb max_width=\u00bb900px\u00bb module_alignment=\u00bbcenter\u00bb title_font_size_tablet=\u00bb\u00bb title_font_size_phone=\u00bb\u00bb title_font_size_last_edited=\u00bbon|tablet\u00bb title_text_shadow_style=\u00bbpreset4&#8243; title_text_shadow_color=\u00bb#000000&#8243; global_colors_info=\u00bb{}\u00bb][\/et_pb_heading][et_pb_button button_url=\u00bbhttps:\/\/www.spicehavenfuengirola.com\/es\/reserva-ahora\/\u00bb button_text=\u00bbReserva una mesa\u00bb button_alignment=\u00bbcenter\u00bb _builder_version=\u00bb4.27.4&#8243; _module_preset=\u00bbdb543f4f-4e72-40b5-a391-67a50a56ef9f\u00bb button_text_size=\u00bb13px\u00bb button_text_color=\u00bb#000000&#8243; button_bg_color=\u00bb#E09900&#8243; button_border_color=\u00bb#FFFFFF\u00bb button_border_radius=\u00bb77px\u00bb button_font=\u00bb&#8211;et_global_heading_font|700||on|||||\u00bb button_use_icon=\u00bboff\u00bb box_shadow_style=\u00bbnone\u00bb global_colors_info=\u00bb{}\u00bb][\/et_pb_button][\/et_pb_column][\/et_pb_row][et_pb_row column_structure=\u00bb1_3,1_3,1_3&#8243; _builder_version=\u00bb4.24.2&#8243; _module_preset=\u00bbdefault\u00bb width=\u00bb90%\u00bb max_width=\u00bbnone\u00bb custom_margin=\u00bb8vw||||false|false\u00bb custom_padding=\u00bb0px||0px||false|false\u00bb global_colors_info=\u00bb{}\u00bb][et_pb_column type=\u00bb1_3&#8243; _builder_version=\u00bb4.24.1&#8243; _module_preset=\u00bbdefault\u00bb global_colors_info=\u00bb{}\u00bb][et_pb_text _builder_version=\u00bb4.27.4&#8243; _module_preset=\u00bbd63c32f5-84a5-4cc7-b5c6-ce6ac24daf53&#8243; text_font=\u00bb|||on|||||\u00bb text_orientation_tablet=\u00bbcenter\u00bb text_orientation_phone=\u00bbcenter\u00bb text_orientation_last_edited=\u00bbon|tablet\u00bb global_colors_info=\u00bb{}\u00bb]<\/p>\n<p><span style=\"color: #ffffff;\">Lunes-domingo<\/span><br \/><span style=\"color: #ffffff;\">13:00h-00:00h<\/span><\/p>\n<p>[\/et_pb_text][\/et_pb_column][et_pb_column type=\u00bb1_3&#8243; _builder_version=\u00bb4.24.1&#8243; _module_preset=\u00bbdefault\u00bb global_colors_info=\u00bb{}\u00bb][\/et_pb_column][et_pb_column type=\u00bb1_3&#8243; _builder_version=\u00bb4.24.1&#8243; _module_preset=\u00bbdefault\u00bb global_colors_info=\u00bb{}\u00bb][et_pb_text _builder_version=\u00bb4.27.4&#8243; _module_preset=\u00bbd63c32f5-84a5-4cc7-b5c6-ce6ac24daf53&#8243; text_font=\u00bb|||on|||||\u00bb text_orientation=\u00bbright\u00bb text_orientation_tablet=\u00bbcenter\u00bb text_orientation_phone=\u00bbcenter\u00bb text_orientation_last_edited=\u00bbon|tablet\u00bb locked=\u00bboff\u00bb global_colors_info=\u00bb{}\u00bb]<\/p>\n<p><span style=\"color: #ffffff;\">Paseo Mar\u00edtimo Rey de Espa\u00f1a, 58<\/span><br \/><span style=\"color: #ffffff;\">29640 Fuengirola<\/span><\/p>\n<p>[\/et_pb_text][\/et_pb_column][\/et_pb_row][\/et_pb_section][et_pb_section fb_built=\u00bb1&#8243; admin_label=\u00bbAbout\u00bb _builder_version=\u00bb4.27.4&#8243; _module_preset=\u00bbdefault\u00bb background_color=\u00bb#000000&#8243; background_enable_video_mp4=\u00bboff\u00bb custom_padding=\u00bb8vw||8vw||true|false\u00bb animation_style=\u00bbzoom\u00bb animation_duration=\u00bb550ms\u00bb collapsed=\u00bboff\u00bb global_colors_info=\u00bb{}\u00bb][et_pb_row _builder_version=\u00bb4.27.4&#8243; _module_preset=\u00bbdefault\u00bb global_colors_info=\u00bb{}\u00bb][et_pb_column type=\u00bb4_4&#8243; _builder_version=\u00bb4.24.1&#8243; _module_preset=\u00bbdefault\u00bb global_colors_info=\u00bb{}\u00bb][et_pb_heading title=\u00bbFUSI\u00d3N DE ESPECIAS Y CURRY\u00bb _builder_version=\u00bb4.27.4&#8243; _module_preset=\u00bb34045cdf-1e8d-4d94-abc6-cdc29ddb046e\u00bb title_text_align=\u00bbcenter\u00bb title_text_color=\u00bb#E09900&#8243; title_font_size=\u00bb33px\u00bb hover_transition_duration=\u00bb550ms\u00bb hover_transition_delay=\u00bb50ms\u00bb global_colors_info=\u00bb{}\u00bb][\/et_pb_heading][et_pb_heading title=\u00bbLos sabores son atrevidos, los ingredientes frescos y el servicio siempre c\u00e1lido. Tanto si te apetece algo c\u00f3modo como algo picante, Spice Haven ofrece comidas inolvidables que hacen que los clientes vuelvan. Es el destino gastron\u00f3mico por excelencia de la ciudad.\u00bb _builder_version=\u00bb4.27.4&#8243; _module_preset=\u00bbf70afedb-ba94-44ee-8e03-4419f1818cf5&#8243; title_text_color=\u00bb#E09900&#8243; global_colors_info=\u00bb{}\u00bb][\/et_pb_heading][et_pb_image src=\u00bbhttps:\/\/www.spicehavenfuengirola.com\/wp-content\/uploads\/2025\/05\/Spice-Haven-Fuengirola-2.jpeg\u00bb alt=\u00bbMejor Restaurante Indio y Tailand\u00e9s Fuengirola\u00bb title_text=\u00bbSpice Haven Fuengirola\u00bb align=\u00bbcenter\u00bb _builder_version=\u00bb4.27.4&#8243; _module_preset=\u00bbdefault\u00bb filter_brightness=\u00bb52%\u00bb filter_contrast=\u00bb124%\u00bb hover_transition_duration=\u00bb600ms\u00bb hover_transition_delay=\u00bb100ms\u00bb locked=\u00bboff\u00bb global_colors_info=\u00bb{}\u00bb][\/et_pb_image][\/et_pb_column][\/et_pb_row][\/et_pb_section][et_pb_section fb_built=\u00bb1&#8243; admin_label=\u00bbHeader\u00bb _builder_version=\u00bb4.27.4&#8243; _module_preset=\u00bbdefault\u00bb background_enable_image=\u00bboff\u00bb parallax=\u00bbon\u00bb background_video_mp4=\u00bbhttps:\/\/www.spicehavenfuengirola.com\/wp-content\/uploads\/2025\/05\/My-Movie-3.mp4&#8243; background_video_webm=\u00bbhttps:\/\/www.spicehavenfuengirola.com\/wp-content\/uploads\/2025\/05\/spice-haven-thai-food.webm\u00bb custom_padding=\u00bb6vw||||false|false\u00bb filter_brightness=\u00bb84%\u00bb filter_contrast=\u00bb101%\u00bb collapsed=\u00bbon\u00bb global_colors_info=\u00bb{}\u00bb][et_pb_row _builder_version=\u00bb4.24.2&#8243; _module_preset=\u00bbdefault\u00bb width=\u00bb90%\u00bb max_width=\u00bbnone\u00bb global_colors_info=\u00bb{}\u00bb][et_pb_column type=\u00bb4_4&#8243; _builder_version=\u00bb4.24.1&#8243; _module_preset=\u00bbdefault\u00bb global_colors_info=\u00bb{}\u00bb][et_pb_heading title=\u00bbcomida tailandesa\u00bb _builder_version=\u00bb4.27.4&#8243; _module_preset=\u00bb2781d1fe-9a4d-45e7-a3a7-09a251ce3b9f\u00bb title_font=\u00bbBiryani|300||on|||||\u00bb title_font_size=\u00bb6vw\u00bb custom_margin=\u00bb||10px||false|false\u00bb title_text_shadow_style=\u00bbpreset1&#8243; title_text_shadow_vertical_length=\u00bb0.03em\u00bb title_text_shadow_color=\u00bb#000000&#8243; locked=\u00bboff\u00bb global_colors_info=\u00bb{}\u00bb][\/et_pb_heading][et_pb_heading title=\u00bbEl mejor restaurante de Fuengirola \u00a1Comida tailandesa!\u00bb _builder_version=\u00bb4.27.4&#8243; _module_preset=\u00bb34045cdf-1e8d-4d94-abc6-cdc29ddb046e\u00bb title_font=\u00bbBiryani|||on|||||\u00bb title_text_align=\u00bbcenter\u00bb title_text_color=\u00bb#FFFFFF\u00bb max_width=\u00bb900px\u00bb module_alignment=\u00bbcenter\u00bb title_font_size_tablet=\u00bb\u00bb title_font_size_phone=\u00bb\u00bb title_font_size_last_edited=\u00bbon|tablet\u00bb title_text_shadow_style=\u00bbpreset4&#8243; title_text_shadow_color=\u00bb#000000&#8243; global_colors_info=\u00bb{}\u00bb][\/et_pb_heading][et_pb_button button_url=\u00bbhttps:\/\/www.spicehavenfuengirola.com\/es\/reserva-ahora\/\u00bb button_text=\u00bbReserva una mesa\u00bb button_alignment=\u00bbcenter\u00bb _builder_version=\u00bb4.27.4&#8243; _module_preset=\u00bbdb543f4f-4e72-40b5-a391-67a50a56ef9f\u00bb button_text_size=\u00bb13px\u00bb button_text_color=\u00bb#000000&#8243; button_bg_color=\u00bb#E09900&#8243; button_border_color=\u00bb#FFFFFF\u00bb button_border_radius=\u00bb77px\u00bb button_font=\u00bb&#8211;et_global_heading_font|700||on|||||\u00bb button_use_icon=\u00bboff\u00bb box_shadow_style=\u00bbnone\u00bb locked=\u00bboff\u00bb global_colors_info=\u00bb{}\u00bb][\/et_pb_button][\/et_pb_column][\/et_pb_row][et_pb_row column_structure=\u00bb1_3,1_3,1_3&#8243; _builder_version=\u00bb4.24.2&#8243; _module_preset=\u00bbdefault\u00bb width=\u00bb90%\u00bb max_width=\u00bbnone\u00bb custom_margin=\u00bb8vw||||false|false\u00bb custom_padding=\u00bb0px||0px||false|false\u00bb global_colors_info=\u00bb{}\u00bb][et_pb_column type=\u00bb1_3&#8243; _builder_version=\u00bb4.24.1&#8243; _module_preset=\u00bbdefault\u00bb global_colors_info=\u00bb{}\u00bb][\/et_pb_column][et_pb_column type=\u00bb1_3&#8243; _builder_version=\u00bb4.24.1&#8243; _module_preset=\u00bbdefault\u00bb global_colors_info=\u00bb{}\u00bb][\/et_pb_column][et_pb_column type=\u00bb1_3&#8243; _builder_version=\u00bb4.24.1&#8243; _module_preset=\u00bbdefault\u00bb global_colors_info=\u00bb{}\u00bb][\/et_pb_column][\/et_pb_row][\/et_pb_section][et_pb_section fb_built=\u00bb1&#8243; disabled_on=\u00bboff|off|off\u00bb admin_label=\u00bbMenu\u00bb _builder_version=\u00bb4.27.4&#8243; _module_preset=\u00bbdefault\u00bb background_color=\u00bb#000000&#8243; use_background_color_gradient=\u00bbon\u00bb background_color_gradient_direction=\u00bb116deg\u00bb background_color_gradient_stops=\u00bbrgba(0,0,0,0.87) 0%|rgba(0,0,0,0.65) 100%\u00bb custom_padding=\u00bb||||false|false\u00bb collapsed=\u00bboff\u00bb global_colors_info=\u00bb{}\u00bb][et_pb_row column_structure=\u00bb1_2,1_2&#8243; _builder_version=\u00bb4.24.2&#8243; _module_preset=\u00bbdefault\u00bb width=\u00bb90%\u00bb max_width=\u00bb2000px\u00bb locked=\u00bboff\u00bb collapsed=\u00bbon\u00bb global_colors_info=\u00bb{}\u00bb][et_pb_column type=\u00bb1_2&#8243; saved_specialty_column_type=\u00bb1_2&#8243; _builder_version=\u00bb4.24.1&#8243; _module_preset=\u00bbdefault\u00bb global_colors_info=\u00bb{}\u00bb][et_pb_button button_url=\u00bbhttps:\/\/www.spicehavenfuengirola.com\/es\/menu\/\u00bb button_text=\u00bbNUESTRO MEN\u00da\u00bb _builder_version=\u00bb4.27.4&#8243; _module_preset=\u00bbdefault\u00bb button_bg_color=\u00bb#E09900&#8243; button_border_color=\u00bb#E09900&#8243; button_font=\u00bb|600||on|||||\u00bb][\/et_pb_button][et_pb_text _builder_version=\u00bb4.27.4&#8243; _module_preset=\u00bbd63c32f5-84a5-4cc7-b5c6-ce6ac24daf53&#8243; global_colors_info=\u00bb{}\u00bb]<\/p>\n<p>Echa un vistazo a nuestro men\u00fa.<\/p>\n<p>[\/et_pb_text][et_pb_image src=\u00bbhttps:\/\/www.spicehavenfuengirola.com\/wp-content\/uploads\/2025\/05\/dddd.jpg\u00bb alt=\u00bbMejor Restaurante Indio y Tailand\u00e9s Fuengirola\u00bb title_text=\u00bbMejor Restaurante Indio y Tailand\u00e9s Fuengirola\u00bb _builder_version=\u00bb4.27.4&#8243; _module_preset=\u00bbdefault\u00bb filter_brightness=\u00bb74%\u00bb scroll_vertical_motion_enable=\u00bbon\u00bb scroll_vertical_motion=\u00bb0|50|50|100|1|0|-1&#8243; global_colors_info=\u00bb{}\u00bb][\/et_pb_image][\/et_pb_column][et_pb_column type=\u00bb1_2&#8243; saved_specialty_column_type=\u00bb1_2&#8243; _builder_version=\u00bb4.24.1&#8243; _module_preset=\u00bbdefault\u00bb global_colors_info=\u00bb{}\u00bb][et_pb_image src=\u00bbhttps:\/\/www.spicehavenfuengirola.com\/wp-content\/uploads\/2025\/05\/thai-food-fuengirola.jpg\u00bb alt=\u00bbcomida tailandesa fuengirola\u00bb title_text=\u00bbcomida-tailandesa-fuengirola\u00bb align=\u00bbright\u00bb _builder_version=\u00bb4.27.4&#8243; _module_preset=\u00bbdefault\u00bb max_width=\u00bb400px\u00bb filter_brightness=\u00bb81%\u00bb locked=\u00bboff\u00bb global_colors_info=\u00bb{}\u00bb][\/et_pb_image][et_pb_button button_url=\u00bbhttps:\/\/www.spicehavenfuengirola.com\/es\/reserva-ahora\/\u00bb button_text=\u00bbRESERVA AHORA\u00bb button_alignment=\u00bbright\u00bb _builder_version=\u00bb4.27.4&#8243; _module_preset=\u00bbdefault\u00bb button_bg_color=\u00bb#E09900&#8243; button_border_color=\u00bb#E09900&#8243; button_font=\u00bb|600||on|||||\u00bb locked=\u00bboff\u00bb][\/et_pb_button][et_pb_text _builder_version=\u00bb4.27.4&#8243; _module_preset=\u00bbd63c32f5-84a5-4cc7-b5c6-ce6ac24daf53&#8243; text_orientation=\u00bbright\u00bb locked=\u00bboff\u00bb global_colors_info=\u00bb{}\u00bb]<\/p>\n<p>Entra para comer o reserva directamente aqu\u00ed<\/p>\n<p>[\/et_pb_text][\/et_pb_column][\/et_pb_row][\/et_pb_section][et_pb_section fb_built=\u00bb1&#8243; admin_label=\u00bbImage\u00bb _builder_version=\u00bb4.27.4&#8243; _module_preset=\u00bbdefault\u00bb background_color=\u00bb#000000&#8243; use_background_color_gradient=\u00bbon\u00bb background_color_gradient_stops=\u00bb#000000 0%|rgba(255,255,255,0) 100%\u00bb background_color_gradient_overlays_image=\u00bbon\u00bb background_image=\u00bbhttps:\/\/www.spicehavenfuengirola.com\/wp-content\/uploads\/2025\/05\/spice-haven.jpg\u00bb parallax=\u00bbon\u00bb collapsed=\u00bboff\u00bb global_colors_info=\u00bb{}\u00bb][et_pb_row _builder_version=\u00bb4.24.1&#8243; _module_preset=\u00bbdefault\u00bb global_colors_info=\u00bb{}\u00bb][et_pb_column type=\u00bb4_4&#8243; _builder_version=\u00bb4.24.1&#8243; _module_preset=\u00bbdefault\u00bb global_colors_info=\u00bb{}\u00bb][et_pb_divider show_divider=\u00bboff\u00bb _builder_version=\u00bb4.24.2&#8243; _module_preset=\u00bbdefault\u00bb height=\u00bb30vw\u00bb global_colors_info=\u00bb{}\u00bb][\/et_pb_divider][\/et_pb_column][\/et_pb_row][\/et_pb_section][et_pb_section fb_built=\u00bb1&#8243; admin_label=\u00bbGallery\u00bb _builder_version=\u00bb4.27.4&#8243; _module_preset=\u00bbdefault\u00bb background_color=\u00bb#000000&#8243; collapsed=\u00bbon\u00bb global_colors_info=\u00bb{}\u00bb][et_pb_row column_structure=\u00bb1_2,1_2&#8243; _builder_version=\u00bb4.24.2&#8243; _module_preset=\u00bbdefault\u00bb width=\u00bb90%\u00bb max_width=\u00bb2000px\u00bb global_colors_info=\u00bb{}\u00bb][et_pb_column type=\u00bb1_2&#8243; _builder_version=\u00bb4.24.1&#8243; _module_preset=\u00bbdefault\u00bb global_colors_info=\u00bb{}\u00bb][et_pb_image src=\u00bbhttps:\/\/www.spicehavenfuengirola.com\/wp-content\/uploads\/2025\/05\/indian-food-fuengirola.jpg\u00bb alt=\u00bbcomida india fuengirola\u00bb title_text=\u00bbcomida-india-fuengirola\u00bb _builder_version=\u00bb4.27.4&#8243; _module_preset=\u00bbdefault\u00bb filter_brightness=\u00bb75%\u00bb global_colors_info=\u00bb{}\u00bb][\/et_pb_image][\/et_pb_column][et_pb_column type=\u00bb1_2&#8243; _builder_version=\u00bb4.24.1&#8243; _module_preset=\u00bbdefault\u00bb global_colors_info=\u00bb{}\u00bb][et_pb_image src=\u00bbhttps:\/\/www.spicehavenfuengirola.com\/wp-content\/uploads\/2025\/05\/spice-haven-fuengirola.jpg\u00bb alt=\u00bbSpice Haven Fuengirola\u00bb title_text=\u00bbspice-haven-fuengirola\u00bb _builder_version=\u00bb4.27.4&#8243; _module_preset=\u00bbdefault\u00bb use_background_color_gradient=\u00bbon\u00bb background_color_gradient_overlays_image=\u00bbon\u00bb filter_brightness=\u00bb57%\u00bb locked=\u00bboff\u00bb global_colors_info=\u00bb{}\u00bb][\/et_pb_image][\/et_pb_column][\/et_pb_row][\/et_pb_section]<\/p>\n","protected":false},"excerpt":{"rendered":"<p>Lunes-domingo13:00h-00:00hPaseo Mar\u00edtimo Rey de Espa\u00f1a, 5829640 FuengirolaEcha un vistazo a nuestro men\u00fa.Entra para comer o reserva directamente aqu\u00ed<\/p>\n","protected":false},"author":1,"featured_media":0,"parent":0,"menu_order":0,"comment_status":"closed","ping_status":"closed","template":"","meta":{"_et_pb_use_builder":"on","_et_pb_old_content":"","_et_gb_content_width":"","footnotes":""},"class_list":["post-406061","page","type-page","status-publish","hentry"],"_links":{"self":[{"href":"https:\/\/www.spicehavenfuengirola.com\/es\/wp-json\/wp\/v2\/pages\/406061","targetHints":{"allow":["GET"]}}],"collection":[{"href":"https:\/\/www.spicehavenfuengirola.com\/es\/wp-json\/wp\/v2\/pages"}],"about":[{"href":"https:\/\/www.spicehavenfuengirola.com\/es\/wp-json\/wp\/v2\/types\/page"}],"author":[{"embeddable":true,"href":"https:\/\/www.spicehavenfuengirola.com\/es\/wp-json\/wp\/v2\/users\/1"}],"replies":[{"embeddable":true,"href":"https:\/\/www.spicehavenfuengirola.com\/es\/wp-json\/wp\/v2\/comments?post=406061"}],"version-history":[{"count":17,"href":"https:\/\/www.spicehavenfuengirola.com\/es\/wp-json\/wp\/v2\/pages\/406061\/revisions"}],"predecessor-version":[{"id":406280,"href":"https:\/\/www.spicehavenfuengirola.com\/es\/wp-json\/wp\/v2\/pages\/406061\/revisions\/406280"}],"wp:attachment":[{"href":"https:\/\/www.spicehavenfuengirola.com\/es\/wp-json\/wp\/v2\/media?parent=406061"}],"curies":[{"name":"wp","href":"https:\/\/api.w.org\/{rel}","templated":true}]}}